{"id":9,"date":"2015-03-11T16:49:41","date_gmt":"2015-03-11T16:49:41","guid":{"rendered":"http:\/\/insuca.co\/?page_id=9"},"modified":"2021-05-11T09:21:56","modified_gmt":"2021-05-11T14:21:56","slug":"institucion","status":"publish","type":"page","link":"https:\/\/insuca.com.co\/?page_id=9","title":{"rendered":"Instituci\u00f3n"},"content":{"rendered":"<p>Nuestra Misi\u00f3n es educar hol\u00edsticamente a j\u00f3venes y adultos, con alternativas pedag\u00f3gicas innovadoras que les permita mejorar sus competencias.<!--more--><\/p>\n","protected":false},"excerpt":{"rendered":"<p>Nuestra Misi\u00f3n es educar hol\u00edsticamente a j\u00f3venes y adultos, con alternativas pedag\u00f3gicas innovadoras que les permita mejorar sus competencias.<\/p>\n","protected":false},"author":1,"featured_media":275,"parent":0,"menu_order":0,"comment_status":"open","ping_status":"open","template":"","meta":[],"_links":{"self":[{"href":"https:\/\/insuca.com.co\/index.php?rest_route=\/wp\/v2\/pages\/9"}],"collection":[{"href":"https:\/\/insuca.com.co\/index.php?rest_route=\/wp\/v2\/pages"}],"about":[{"href":"https:\/\/insuca.com.co\/index.php?rest_route=\/wp\/v2\/types\/page"}],"author":[{"embeddable":true,"href":"https:\/\/insuca.com.co\/index.php?rest_route=\/wp\/v2\/users\/1"}],"replies":[{"embeddable":true,"href":"https:\/\/insuca.com.co\/index.php?rest_route=%2Fwp%2Fv2%2Fcomments&post=9"}],"version-history":[{"count":4,"href":"https:\/\/insuca.com.co\/index.php?rest_route=\/wp\/v2\/pages\/9\/revisions"}],"predecessor-version":[{"id":897,"href":"https:\/\/insuca.com.co\/index.php?rest_route=\/wp\/v2\/pages\/9\/revisions\/897"}],"wp:featuredmedia":[{"embeddable":true,"href":"https:\/\/insuca.com.co\/index.php?rest_route=\/wp\/v2\/media\/275"}],"wp:attachment":[{"href":"https:\/\/insuca.com.co\/index.php?rest_route=%2Fwp%2Fv2%2Fmedia&parent=9"}],"curies":[{"name":"wp","href":"https:\/\/api.w.org\/{rel}","templated":true}]}}