{"id":6,"date":"2015-03-11T16:41:04","date_gmt":"2015-03-11T21:41:04","guid":{"rendered":"http:\/\/insuca.co\/?page_id=6"},"modified":"2025-01-24T15:25:52","modified_gmt":"2025-01-24T20:25:52","slug":"inscripciones","status":"publish","type":"page","link":"https:\/\/insuca.com.co\/","title":{"rendered":"Inscripciones"},"content":{"rendered":"<p><iframe id=\"facbook_like_box_1\" src=\"\/\/www.facebook.com\/v11.0\/plugins\/page.php?adapt_container_width=true&container_width=300&width=300&height=550&hide_cover=false&href=https%3A%2F%2Fwww.facebook.com%2Fhttps%3A%2F%2Ffacebook.com%2Fcolegioinsuca&locale=en_US&sdk=joey&show_facepile=true&tabs=false&show_posts=false&small_header=true\" scrolling=\"no\" allowTransparency=\"true\" style=\"border:1px solid #FFFFFF; overflow:hidden;visibility:hidden; max-width:500px; width:300px; height:550px;\"><\/iframe><script>\r\n\t\tif(typeof(jQuery)==\"undefined\")\r\n\t\t\tjQuery=window.parent.jQuery;\r\n\t\tif(typeof(like_box_animated_element)==\"undefined\")\r\n\t\t\tlike_box_animated_element=window.parent.like_box_animated_element;\r\n\t\tif(typeof(like_box_set_width_cur_element)==\"undefined\")\r\n\t\t\tlike_box_set_width_cur_element=window.parent.like_box_animated_element;\t\t\r\n\t\tjQuery(document).ready(function(){\r\n\t\t\tdocument.getElementById(\"facbook_like_box_1\").style.visibility=\"visible\"\r\n\t\t\tlike_box_set_width_cur_element(\"facbook_like_box_1\",300)\r\n\t\t\t});<\/script>Inscr\u00edbete a nuestros cursos pre Icfes con las m\u00e1s exigentes pol\u00edticas de calidad educativa. Adem\u00e1s podr\u00e1s conocer distintos servicios como simulacros y bachillerato por ciclos.<!--more--><\/p>\n\n\n<p><\/p>\n","protected":false},"excerpt":{"rendered":"<p>Inscr\u00edbete a nuestros cursos pre Icfes con las m\u00e1s exigentes pol\u00edticas de calidad educativa. Adem\u00e1s podr\u00e1s conocer distintos servicios como simulacros y bachillerato por ciclos.<\/p>\n","protected":false},"author":1,"featured_media":805,"parent":0,"menu_order":0,"comment_status":"closed","ping_status":"closed","template":"page-templates\/business.php","meta":[],"_links":{"self":[{"href":"https:\/\/insuca.com.co\/index.php?rest_route=\/wp\/v2\/pages\/6"}],"collection":[{"href":"https:\/\/insuca.com.co\/index.php?rest_route=\/wp\/v2\/pages"}],"about":[{"href":"https:\/\/insuca.com.co\/index.php?rest_route=\/wp\/v2\/types\/page"}],"author":[{"embeddable":true,"href":"https:\/\/insuca.com.co\/index.php?rest_route=\/wp\/v2\/users\/1"}],"replies":[{"embeddable":true,"href":"https:\/\/insuca.com.co\/index.php?rest_route=%2Fwp%2Fv2%2Fcomments&post=6"}],"version-history":[{"count":6,"href":"https:\/\/insuca.com.co\/index.php?rest_route=\/wp\/v2\/pages\/6\/revisions"}],"predecessor-version":[{"id":535,"href":"https:\/\/insuca.com.co\/index.php?rest_route=\/wp\/v2\/pages\/6\/revisions\/535"}],"wp:featuredmedia":[{"embeddable":true,"href":"https:\/\/insuca.com.co\/index.php?rest_route=\/wp\/v2\/media\/805"}],"wp:attachment":[{"href":"https:\/\/insuca.com.co\/index.php?rest_route=%2Fwp%2Fv2%2Fmedia&parent=6"}],"curies":[{"name":"wp","href":"https:\/\/api.w.org\/{rel}","templated":true}]}}