{"id":54,"date":"2015-03-11T20:45:04","date_gmt":"2015-03-11T20:45:04","guid":{"rendered":"http:\/\/insuca.co\/?page_id=54"},"modified":"2016-03-15T16:49:34","modified_gmt":"2016-03-15T16:49:34","slug":"validacion-bachillerato-ante-el-icfes","status":"publish","type":"page","link":"https:\/\/insuca.com.co\/?page_id=54","title":{"rendered":"Validaci\u00f3n Bachillerato ante el Icfes"},"content":{"rendered":"<p><img loading=\"lazy\" class=\"alignleft wp-image-252 size-full\" src=\"http:\/\/insuca.com.co\/wp-content\/uploads\/2015\/03\/PAGINA-INSUCA-25.jpg\" alt=\"PAGINA INSUCA-25\" width=\"501\" height=\"259\" srcset=\"https:\/\/insuca.com.co\/wp-content\/uploads\/2015\/03\/PAGINA-INSUCA-25.jpg 501w, https:\/\/insuca.com.co\/wp-content\/uploads\/2015\/03\/PAGINA-INSUCA-25-300x155.jpg 300w\" sizes=\"(max-width: 501px) 100vw, 501px\" \/><\/p>\n<p>La capacitaci\u00f3n de j\u00f3venes y adultos mayores de 18 a\u00f1os, se realiza a trav\u00e9s del curso pre-icfes, y se hace la orientaci\u00f3n pertinente tambi\u00e9n con textos y conferencias de propiedad del plantel educativo.<\/p>\n<p>La Instituci\u00f3n ha entregado a la sociedad nari\u00f1ense m\u00e1s de dos millares y medio de bachilleres que validaron ante el ICFES, y que muchos de ellos, hoy son profesionales satisfechos y comprometidos con el desarrollo de la comunidad.<\/p>\n<p>Entre los a\u00f1os 1978 a 1982, se graduaron 104 estudiantes. Entre los a\u00f1os 1983 a 1987, se graduaron 225; entre los a\u00f1os 1988 a 1992: 344; entre los a\u00f1os 1993 a 1996: 806 y entre los a\u00f1os 1997 a 2014: 1067 bachilleres. Para un total de 2546 bachilleres. Estos datos indican el aporte significativo de la Instituci\u00f3n, en favor de la educaci\u00f3n regional.<\/p>\n","protected":false},"excerpt":{"rendered":"<p>La capacitaci\u00f3n de j\u00f3venes y adultos mayores de 18 a\u00f1os, se realiza a trav\u00e9s del curso pre-icfes, y se hace la orientaci\u00f3n pertinente tambi\u00e9n con textos y conferencias de propiedad del plantel educativo. La Instituci\u00f3n ha entregado a la sociedad<\/p>\n","protected":false},"author":1,"featured_media":0,"parent":11,"menu_order":0,"comment_status":"closed","ping_status":"closed","template":"","meta":[],"_links":{"self":[{"href":"https:\/\/insuca.com.co\/index.php?rest_route=\/wp\/v2\/pages\/54"}],"collection":[{"href":"https:\/\/insuca.com.co\/index.php?rest_route=\/wp\/v2\/pages"}],"about":[{"href":"https:\/\/insuca.com.co\/index.php?rest_route=\/wp\/v2\/types\/page"}],"author":[{"embeddable":true,"href":"https:\/\/insuca.com.co\/index.php?rest_route=\/wp\/v2\/users\/1"}],"replies":[{"embeddable":true,"href":"https:\/\/insuca.com.co\/index.php?rest_route=%2Fwp%2Fv2%2Fcomments&post=54"}],"version-history":[{"count":6,"href":"https:\/\/insuca.com.co\/index.php?rest_route=\/wp\/v2\/pages\/54\/revisions"}],"predecessor-version":[{"id":302,"href":"https:\/\/insuca.com.co\/index.php?rest_route=\/wp\/v2\/pages\/54\/revisions\/302"}],"up":[{"embeddable":true,"href":"https:\/\/insuca.com.co\/index.php?rest_route=\/wp\/v2\/pages\/11"}],"wp:attachment":[{"href":"https:\/\/insuca.com.co\/index.php?rest_route=%2Fwp%2Fv2%2Fmedia&parent=54"}],"curies":[{"name":"wp","href":"https:\/\/api.w.org\/{rel}","templated":true}]}}