{"id":39,"date":"2015-03-11T20:41:54","date_gmt":"2015-03-11T20:41:54","guid":{"rendered":"http:\/\/insuca.co\/?page_id=39"},"modified":"2016-03-15T16:48:09","modified_gmt":"2016-03-15T16:48:09","slug":"simbolos-institucionales","status":"publish","type":"page","link":"https:\/\/insuca.com.co\/?page_id=39","title":{"rendered":"S\u00edmbolos Institucionales"},"content":{"rendered":"<p><img loading=\"lazy\" class=\"alignleft wp-image-243 size-full\" src=\"http:\/\/insuca.com.co\/wp-content\/uploads\/2015\/03\/PAGINA-INSUCA-18.jpg\" alt=\"PAGINA INSUCA-18\" width=\"508\" height=\"262\" srcset=\"https:\/\/insuca.com.co\/wp-content\/uploads\/2015\/03\/PAGINA-INSUCA-18.jpg 508w, https:\/\/insuca.com.co\/wp-content\/uploads\/2015\/03\/PAGINA-INSUCA-18-300x155.jpg 300w\" sizes=\"(max-width: 508px) 100vw, 508px\" \/><\/p>\n<p><strong>HIMNO A INSUCA<\/strong><\/p>\n<p>Letra y M\u00fasica:<\/p>\n<p>SIXTO A. INSUASTY ORTIZ<\/p>\n<p>&nbsp;<\/p>\n<p>&nbsp;<\/p>\n<p>&nbsp;<\/p>\n<p>&nbsp;<\/p>\n<h1>CORO<\/h1>\n<p>Gloria INSUCA, gloria INSUCA,<\/p>\n<p>monumento del saber<\/p>\n<p>fulgurante Sol que alumbras<\/p>\n<p>irradiando grandioso el deber.<\/p>\n<p>&nbsp;<\/p>\n<p>Sacro Centro de la Ciencia<\/p>\n<p>vastedad de la virtud,<\/p>\n<p>[proclamamos tu sapiencia<\/p>\n<p>que difundes cual la luz] \u00a0\u00a0\u00a0\u00a0\u00a0 (bis).<\/p>\n<h1>I<\/h1>\n<p>Tu labor encomiable y sublime<\/p>\n<p>enarbolas cual fiel palad\u00edn<\/p>\n<p>y la esparces al son de clarines,<\/p>\n<p>por la sierra, la mar y el conf\u00edn.<\/p>\n<p>&nbsp;<\/p>\n<p>Eres gu\u00eda del que busca ense\u00f1anza,<\/p>\n<p>eres fuente de amor y hermandad<\/p>\n<p>pedestal de valor y pujanza;<\/p>\n<p>para bien de nuestra sociedad.<\/p>\n<p>&nbsp;<\/p>\n<p><strong>(CORO&#8230;)<\/strong><\/p>\n<h1>II<\/h1>\n<p>Tu promueves con fe y esperanza<\/p>\n<p>ciudadanos de noble misi\u00f3n<\/p>\n<p>y cimentas tambi\u00e9n la confianza<\/p>\n<p>en su mente y en su coraz\u00f3n.<\/p>\n<p>&nbsp;<\/p>\n<p>Tu estandarte, es emblema glorioso<\/p>\n<p>que recorre caminos sin par<\/p>\n<p>y por siempre ser\u00e1s victorioso<\/p>\n<p>con tu lema: \u201cPor siempre triunfar\u201d.<\/p>\n<p>&nbsp;<\/p>\n<p><strong>(CORO&#8230;)<\/strong><\/p>\n<p>&nbsp;<\/p>\n<p><strong>BANDERA<\/strong><\/p>\n<p><a href=\"http:\/\/insuca.co\/wp-content\/uploads\/2015\/03\/bandera_insuca.png\"><img loading=\"lazy\" class=\" size-full wp-image-285 alignleft\" src=\"http:\/\/insuca.co\/wp-content\/uploads\/2015\/03\/bandera_insuca.png\" alt=\"bandera_insuca\" width=\"354\" height=\"237\" srcset=\"https:\/\/insuca.com.co\/wp-content\/uploads\/2015\/03\/bandera_insuca.png 354w, https:\/\/insuca.com.co\/wp-content\/uploads\/2015\/03\/bandera_insuca-300x201.png 300w\" sizes=\"(max-width: 354px) 100vw, 354px\" \/><\/a><\/p>\n<p>&nbsp;<\/p>\n<p>&nbsp;<\/p>\n<p>&nbsp;<\/p>\n<p>&nbsp;<\/p>\n<p>&nbsp;<\/p>\n<p>&nbsp;<\/p>\n<p>&nbsp;<\/p>\n<p><strong>ESCUDO<\/strong><\/p>\n<p><a href=\"http:\/\/insuca.co\/wp-content\/uploads\/2015\/03\/logo_insuca1.png\"><img loading=\"lazy\" class=\"  wp-image-286 alignleft\" src=\"http:\/\/insuca.co\/wp-content\/uploads\/2015\/03\/logo_insuca1.png\" alt=\"logo_insuca\" width=\"396\" height=\"396\" srcset=\"https:\/\/insuca.com.co\/wp-content\/uploads\/2015\/03\/logo_insuca1.png 500w, https:\/\/insuca.com.co\/wp-content\/uploads\/2015\/03\/logo_insuca1-300x300.png 300w, https:\/\/insuca.com.co\/wp-content\/uploads\/2015\/03\/logo_insuca1-100x100.png 100w, https:\/\/insuca.com.co\/wp-content\/uploads\/2015\/03\/logo_insuca1-150x150.png 150w, https:\/\/insuca.com.co\/wp-content\/uploads\/2015\/03\/logo_insuca1-230x230.png 230w, https:\/\/insuca.com.co\/wp-content\/uploads\/2015\/03\/logo_insuca1-365x365.png 365w\" sizes=\"(max-width: 396px) 100vw, 396px\" \/><\/a><\/p>\n<p>&nbsp;<\/p>\n<p>&nbsp;<\/p>\n<p>&nbsp;<\/p>\n<p>&nbsp;<\/p>\n<p>&nbsp;<\/p>\n<p>&nbsp;<\/p>\n<p>&nbsp;<\/p>\n<p>&nbsp;<\/p>\n<p>&nbsp;<\/p>\n<p>&nbsp;<\/p>\n<p><strong>PLANTA FISICA<\/strong><\/p>\n<p><a href=\"http:\/\/insuca.co\/wp-content\/uploads\/2015\/03\/EDIFICIO-INSUCA.jpg\"><img loading=\"lazy\" class=\"  wp-image-288 alignleft\" src=\"http:\/\/insuca.co\/wp-content\/uploads\/2015\/03\/EDIFICIO-INSUCA-692x1024.jpg\" alt=\"EDIFICIO INSUCA\" width=\"212\" height=\"314\" srcset=\"https:\/\/insuca.com.co\/wp-content\/uploads\/2015\/03\/EDIFICIO-INSUCA-692x1024.jpg 692w, https:\/\/insuca.com.co\/wp-content\/uploads\/2015\/03\/EDIFICIO-INSUCA-600x888.jpg 600w, https:\/\/insuca.com.co\/wp-content\/uploads\/2015\/03\/EDIFICIO-INSUCA-203x300.jpg 203w, https:\/\/insuca.com.co\/wp-content\/uploads\/2015\/03\/EDIFICIO-INSUCA.jpg 1698w\" sizes=\"(max-width: 212px) 100vw, 212px\" \/><\/a><\/p>\n<p>Nuestra planta f\u00edsica abarca una \u00e1rea de 1.600 m<sup>2 <\/sup>aproximadamente, donde se ubican20 aulas de clases, aula m\u00faltiple, oficinas de secretar\u00eda del Instituto y Colegio, Rector\u00eda, Coordinaci\u00f3n de Convivencia, Coordinaci\u00f3n Acad\u00e9mica, salones de biblioteca, laboratorio y cafeter\u00eda, adem\u00e1s de patio, amplios corredores de construcci\u00f3n moderna.<\/p>\n","protected":false},"excerpt":{"rendered":"<p>HIMNO A INSUCA Letra y M\u00fasica: SIXTO A. INSUASTY ORTIZ &nbsp; &nbsp; &nbsp; &nbsp; CORO Gloria INSUCA, gloria INSUCA, monumento del saber fulgurante Sol que alumbras irradiando grandioso el deber. &nbsp; Sacro Centro de la Ciencia vastedad de la virtud,<\/p>\n","protected":false},"author":1,"featured_media":0,"parent":9,"menu_order":6,"comment_status":"closed","ping_status":"closed","template":"","meta":[],"_links":{"self":[{"href":"https:\/\/insuca.com.co\/index.php?rest_route=\/wp\/v2\/pages\/39"}],"collection":[{"href":"https:\/\/insuca.com.co\/index.php?rest_route=\/wp\/v2\/pages"}],"about":[{"href":"https:\/\/insuca.com.co\/index.php?rest_route=\/wp\/v2\/types\/page"}],"author":[{"embeddable":true,"href":"https:\/\/insuca.com.co\/index.php?rest_route=\/wp\/v2\/users\/1"}],"replies":[{"embeddable":true,"href":"https:\/\/insuca.com.co\/index.php?rest_route=%2Fwp%2Fv2%2Fcomments&post=39"}],"version-history":[{"count":11,"href":"https:\/\/insuca.com.co\/index.php?rest_route=\/wp\/v2\/pages\/39\/revisions"}],"predecessor-version":[{"id":298,"href":"https:\/\/insuca.com.co\/index.php?rest_route=\/wp\/v2\/pages\/39\/revisions\/298"}],"up":[{"embeddable":true,"href":"https:\/\/insuca.com.co\/index.php?rest_route=\/wp\/v2\/pages\/9"}],"wp:attachment":[{"href":"https:\/\/insuca.com.co\/index.php?rest_route=%2Fwp%2Fv2%2Fmedia&parent=39"}],"curies":[{"name":"wp","href":"https:\/\/api.w.org\/{rel}","templated":true}]}}