{"id":33,"date":"2015-03-11T20:41:00","date_gmt":"2015-03-11T20:41:00","guid":{"rendered":"http:\/\/insuca.co\/?page_id=33"},"modified":"2016-03-15T16:46:49","modified_gmt":"2016-03-15T16:46:49","slug":"historia","status":"publish","type":"page","link":"https:\/\/insuca.com.co\/?page_id=33","title":{"rendered":"Historia"},"content":{"rendered":"<p><img loading=\"lazy\" class=\"alignright wp-image-237 size-full\" src=\"http:\/\/insuca.com.co\/wp-content\/uploads\/2015\/03\/PAGINA-INSUCA-15.jpg\" alt=\"PAGINA INSUCA-15\" width=\"508\" height=\"263\" srcset=\"https:\/\/insuca.com.co\/wp-content\/uploads\/2015\/03\/PAGINA-INSUCA-15.jpg 508w, https:\/\/insuca.com.co\/wp-content\/uploads\/2015\/03\/PAGINA-INSUCA-15-300x155.jpg 300w\" sizes=\"(max-width: 508px) 100vw, 508px\" \/><\/p>\n<p>Cuando en sociedades convulsionadas como la nuestra, se emprende una misi\u00f3n educativa, quienes la asumen, merecen todo el reconocimiento, y si la misma se enfrenta en honestidad y fortaleza construyendo historia, eso s\u00ed que es loable.<\/p>\n<p>Ya son treinta y ocho a\u00f1os de un trabajo serio y tesonero formando y capacitando un sinn\u00famero de personas. Todo inicio el 6 de Abril de 1977, cuando sus fundadores los hermanos Valencia Montezuma y su caro amigo Alvaro Bravo Ch\u00e1vez, docentes de profesi\u00f3n y de vocaci\u00f3n, de manera visionaria decidieron crear INSUCA, siendo aprobado por la resoluci\u00f3n 034 emanada de la secretaria de educaci\u00f3n de Nari\u00f1o. El noble gesto de fundaci\u00f3n era respuesta oportuna para los j\u00f3venes y adultos que deseaban continuar y coronar sus prop\u00f3sitos educativos.<\/p>\n<p>En aquel entonces, se inici\u00f3 brindando la preparaci\u00f3n acad\u00e9mica a quienes aspiran a validar el bachillerato ante el ICFES. Fueron 18 estudiantes los que atendieron ese primer llamado. Un a\u00f1o m\u00e1s tarde, en 1978 se abri\u00f3 espacio y dedicaci\u00f3n a los cursos PRE-ICFES. Ya las simientes estaban regadas y hab\u00eda que prepararse para crecer.<\/p>\n<p>Vale anotar que labor creadora de material did\u00e1ctico: textos, m\u00f3dulos, conferencias exigidos por los programas de ense\u00f1anza ha sido continua y se ha actualizado d\u00eda a d\u00eda.<\/p>\n<p>En 1994, se proyecta la construcci\u00f3n de una nueva y moderna sede; con ese fin se adquiri\u00f3 un lote de terreno ubicado en la calle 18, colindante con la sede INSUCA de la carrera 28. Se plane\u00f3 que la pr\u00f3xima construcci\u00f3n se har\u00e1 para atender las m\u00e1s altas exigencias de un centro educativo. Deber\u00e1 tener amplitud, salones acogedores, funcionalidad administrativa, adem\u00e1s de espacios y recursos educativos. Con todo esto el INSUCA se abr\u00eda futuro como una de las m\u00e1s importantes instituciones de formaci\u00f3n educativa del sur &#8211; occidente colombiano.<\/p>\n<p>Y es en 1997, que esa gran ilusi\u00f3n se hace realidad. La conmemoraci\u00f3n de los 20 a\u00f1os de INSUCA, coincidi\u00f3 con la inauguraci\u00f3n de la portentosa sede donde actualmente funciona el Instituto y el Colegio.<\/p>\n<p>A partir del a\u00f1o 2000, se dieron cambios en las pruebas ICFES, bajo el sistema de evaluaci\u00f3n por competencias. Todo el conocimiento recogido y los logros cosechados han servido para ser difusores y orientadores de las reformas y adecuada interpretaci\u00f3n de las transformaciones establecidas por el gobierno nacional. Tambi\u00e9n desde aquel momento todo el material did\u00e1ctico y los textos ICFES Y LA U se ajustan a las nuevas exigencias.<\/p>\n<p>Este nuevo reto, permit\u00eda ampliar servicios como la creaci\u00f3n del Colegio INSUCA con los calendarios A y B, mediante el cual se pudo otorgar el t\u00edtulo de Bachiller a quienes cursen y aprueben todos los Ciclos Especiales Integrados, tal como lo establece el decreto 3011 de 1.997.<\/p>\n<p>Nuevas satisfacciones se generaron para el Instituto y sus estudiantes; tanto as\u00ed que el 13 de Julio de 2.002 se entrega a la sociedad la primera promoci\u00f3n de Bachilleres. Fueron 25 j\u00f3venes y adultos que emocionados partieron titulados a emprender grandes caminos. Con la \u00faltima proclamaci\u00f3n en Agosto 10 de 2014 se sumaron 30 personas m\u00e1s que terminaron su bachillerato en esta interesante modalidad. A la fecha ya son un total de1148 titulados.<\/p>\n<p>Hay que resaltar los buenos resultados que se han obtenido durante los \u00faltimos a\u00f1os, en las Pruebas de Estado. Pasando de alcanzar un nivel alto en el 2005 a un nivel Superior en el 2006 hasta la fecha. Pocas son las instituciones del Departamento de Nari\u00f1o, y de la naci\u00f3n que logran encumbrarse a pedestales tan destacados.<\/p>\n<p>En validaci\u00f3n, el Instituto de Capacitaci\u00f3n INSUCA, ha entregado a la sociedad nari\u00f1ense, 2546 bachilleres, que validaron ante el ICFES, mediante un solo examen, de los cuales muchos son profesionales, otros mejoraron su situaci\u00f3n laboral y familiar.<\/p>\n<p>En el presente a\u00f1o 2014 afrontamos un nuevo reto exigido por la nueva estructura propuesta en el Foro Educativo Nacional, en octubre 10 de 2013: \u201cHacia un sistema integrado de Evaluaci\u00f3n de resultados de aprendizaje\u2013 Alineaci\u00f3n Saber 11\u201d\u2013 que implica un compromiso de liderazgo como lo ha hecho INSUCA desde su fundaci\u00f3n, con una capacitaci\u00f3n adecuada y de calidad al servicio de nuestros estudiantes.<\/p>\n","protected":false},"excerpt":{"rendered":"<p>Cuando en sociedades convulsionadas como la nuestra, se emprende una misi\u00f3n educativa, quienes la asumen, merecen todo el reconocimiento, y si la misma se enfrenta en honestidad y fortaleza construyendo historia, eso s\u00ed que es loable. Ya son treinta y<\/p>\n","protected":false},"author":1,"featured_media":0,"parent":9,"menu_order":3,"comment_status":"closed","ping_status":"closed","template":"","meta":[],"_links":{"self":[{"href":"https:\/\/insuca.com.co\/index.php?rest_route=\/wp\/v2\/pages\/33"}],"collection":[{"href":"https:\/\/insuca.com.co\/index.php?rest_route=\/wp\/v2\/pages"}],"about":[{"href":"https:\/\/insuca.com.co\/index.php?rest_route=\/wp\/v2\/types\/page"}],"author":[{"embeddable":true,"href":"https:\/\/insuca.com.co\/index.php?rest_route=\/wp\/v2\/users\/1"}],"replies":[{"embeddable":true,"href":"https:\/\/insuca.com.co\/index.php?rest_route=%2Fwp%2Fv2%2Fcomments&post=33"}],"version-history":[{"count":5,"href":"https:\/\/insuca.com.co\/index.php?rest_route=\/wp\/v2\/pages\/33\/revisions"}],"predecessor-version":[{"id":296,"href":"https:\/\/insuca.com.co\/index.php?rest_route=\/wp\/v2\/pages\/33\/revisions\/296"}],"up":[{"embeddable":true,"href":"https:\/\/insuca.com.co\/index.php?rest_route=\/wp\/v2\/pages\/9"}],"wp:attachment":[{"href":"https:\/\/insuca.com.co\/index.php?rest_route=%2Fwp%2Fv2%2Fmedia&parent=33"}],"curies":[{"name":"wp","href":"https:\/\/api.w.org\/{rel}","templated":true}]}}