{"id":29,"date":"2015-03-11T20:40:02","date_gmt":"2015-03-11T20:40:02","guid":{"rendered":"http:\/\/insuca.co\/?page_id=29"},"modified":"2016-03-15T16:46:31","modified_gmt":"2016-03-15T16:46:31","slug":"vision","status":"publish","type":"page","link":"https:\/\/insuca.com.co\/?page_id=29","title":{"rendered":"Visi\u00f3n"},"content":{"rendered":"<p><img loading=\"lazy\" class=\"alignleft wp-image-234 size-full\" src=\"http:\/\/insuca.com.co\/wp-content\/uploads\/2015\/03\/PAGINA-INSUCA-14.jpg\" alt=\"PAGINA INSUCA-14\" width=\"508\" height=\"262\" srcset=\"https:\/\/insuca.com.co\/wp-content\/uploads\/2015\/03\/PAGINA-INSUCA-14.jpg 508w, https:\/\/insuca.com.co\/wp-content\/uploads\/2015\/03\/PAGINA-INSUCA-14-300x155.jpg 300w\" sizes=\"(max-width: 508px) 100vw, 508px\" \/><\/p>\n<p>INSUCA\u00a8 formar\u00e1 seres humanos eficientes, dentro del ejercicio de una aut\u00e9ntica libertad, autonom\u00eda y responsabilidad; bajo el lema:<\/p>\n<h4>Cultura, Esfuerzo y Progreso<\/h4>\n<p>Cultura como resultado y efecto de cultivar los conocimientos humanos contextuales para lograr un mejor equilibrio con el saber universal y de afinar por medio del ejercicio, las facultades intelectuales.<\/p>\n<p>Esfuerzo que implica el empleo en\u00e9rgico de las capacidades intelectuales y f\u00edsicas y que a\u00fan con luchas y adversidades, propias de nuestra poblaci\u00f3n estudiantil, conducen a no desmayar y a seguir ascendiendo los pelda\u00f1os de la vida.<\/p>\n<p>Progreso como acci\u00f3n de forjar un ma\u00f1ana m\u00e1s digno y humano, para s\u00ed mismos, para la familia, para la comunidad y para el pa\u00eds.<\/p>\n","protected":false},"excerpt":{"rendered":"<p>INSUCA\u00a8 formar\u00e1 seres humanos eficientes, dentro del ejercicio de una aut\u00e9ntica libertad, autonom\u00eda y responsabilidad; bajo el lema: Cultura, Esfuerzo y Progreso Cultura como resultado y efecto de cultivar los conocimientos humanos contextuales para lograr un mejor equilibrio con el<\/p>\n","protected":false},"author":1,"featured_media":0,"parent":9,"menu_order":2,"comment_status":"closed","ping_status":"closed","template":"","meta":[],"_links":{"self":[{"href":"https:\/\/insuca.com.co\/index.php?rest_route=\/wp\/v2\/pages\/29"}],"collection":[{"href":"https:\/\/insuca.com.co\/index.php?rest_route=\/wp\/v2\/pages"}],"about":[{"href":"https:\/\/insuca.com.co\/index.php?rest_route=\/wp\/v2\/types\/page"}],"author":[{"embeddable":true,"href":"https:\/\/insuca.com.co\/index.php?rest_route=\/wp\/v2\/users\/1"}],"replies":[{"embeddable":true,"href":"https:\/\/insuca.com.co\/index.php?rest_route=%2Fwp%2Fv2%2Fcomments&post=29"}],"version-history":[{"count":11,"href":"https:\/\/insuca.com.co\/index.php?rest_route=\/wp\/v2\/pages\/29\/revisions"}],"predecessor-version":[{"id":295,"href":"https:\/\/insuca.com.co\/index.php?rest_route=\/wp\/v2\/pages\/29\/revisions\/295"}],"up":[{"embeddable":true,"href":"https:\/\/insuca.com.co\/index.php?rest_route=\/wp\/v2\/pages\/9"}],"wp:attachment":[{"href":"https:\/\/insuca.com.co\/index.php?rest_route=%2Fwp%2Fv2%2Fmedia&parent=29"}],"curies":[{"name":"wp","href":"https:\/\/api.w.org\/{rel}","templated":true}]}}