{"id":25,"date":"2015-03-11T20:38:29","date_gmt":"2015-03-11T20:38:29","guid":{"rendered":"http:\/\/insuca.co\/?page_id=25"},"modified":"2016-03-15T16:45:40","modified_gmt":"2016-03-15T16:45:40","slug":"presentacion","status":"publish","type":"page","link":"https:\/\/insuca.com.co\/?page_id=25","title":{"rendered":"Presentaci\u00f3n"},"content":{"rendered":"<p><img loading=\"lazy\" class=\"alignright wp-image-230 size-full\" src=\"http:\/\/insuca.com.co\/wp-content\/uploads\/2015\/03\/PAGINA-INSUCA-12.jpg\" alt=\"PAGINA INSUCA-12\" width=\"506\" height=\"261\" srcset=\"https:\/\/insuca.com.co\/wp-content\/uploads\/2015\/03\/PAGINA-INSUCA-12.jpg 506w, https:\/\/insuca.com.co\/wp-content\/uploads\/2015\/03\/PAGINA-INSUCA-12-300x155.jpg 300w\" sizes=\"(max-width: 506px) 100vw, 506px\" \/><\/p>\n<p>Desde su creaci\u00f3n, en 1.977, el Instituto de Capacitaci\u00f3n y desde el 2000 el Colegio INSUCA han tenido como norte el implementar alternativas de soluci\u00f3n a problemas educativos concretos, vitales, reales, cercanos, de una poblaci\u00f3n de j\u00f3venes y adultos que por una u otra raz\u00f3n requieren de instancias formativas para lo cual se proponen alternativas pedag\u00f3gicas innovadoras y pertinentes; y por otra parte, dar respuesta a criterios socialmente v\u00e1lidos, relevantes y significativos sobre los conocimientos, experiencias y pr\u00e1cticas, construyendo aprenderes que satisfagan las aspiraciones y requerimientos de nuestros estudiantes.<\/p>\n<p>El proyecto educativo est\u00e1 orientado hacia la inclusi\u00f3n y la equidad en educaci\u00f3n, como una contribuci\u00f3n a un proyecto de naci\u00f3n colombiana en el que cada vez m\u00e1s personas gocen de reales oportunidades, bajo la firme convicci\u00f3n que una soluci\u00f3n efectiva a los problemas del pa\u00eds es la educaci\u00f3n de calidad al mayor n\u00famero posible de ciudadanos, comprometidos en la <strong>Competitividad, <\/strong>con miras a un desempe\u00f1o profesional de calidad; <strong>proyecto de vida con sentido,<\/strong> que otorga el compromiso de bienestar individual y colectivo;<strong> desarrollo humano integral,<\/strong> dotado de capacidades y potencialidades que lo habilitan como sujeto activo y participante de su proceso educativo; <strong>flexibilidad,<\/strong> en atenci\u00f3n a las condiciones de desarrollo f\u00edsico y psicol\u00f3gico, as\u00ed como a las caracter\u00edsticas del medio cultural, social y laboral del joven o adulto, para la planeaci\u00f3n y puesta en marcha de los procesos pedag\u00f3gicos y administrativos de la Instituci\u00f3n.; <strong>autonom\u00eda, <\/strong>presencia responsable y creativa en las actividades y procesos que son trascendentales para la obtenci\u00f3n de los objetivos personales e institucionales.<\/p>\n","protected":false},"excerpt":{"rendered":"<p>Desde su creaci\u00f3n, en 1.977, el Instituto de Capacitaci\u00f3n y desde el 2000 el Colegio INSUCA han tenido como norte el implementar alternativas de soluci\u00f3n a problemas educativos concretos, vitales, reales, cercanos, de una poblaci\u00f3n de j\u00f3venes y adultos que<\/p>\n","protected":false},"author":1,"featured_media":0,"parent":9,"menu_order":0,"comment_status":"open","ping_status":"open","template":"","meta":[],"_links":{"self":[{"href":"https:\/\/insuca.com.co\/index.php?rest_route=\/wp\/v2\/pages\/25"}],"collection":[{"href":"https:\/\/insuca.com.co\/index.php?rest_route=\/wp\/v2\/pages"}],"about":[{"href":"https:\/\/insuca.com.co\/index.php?rest_route=\/wp\/v2\/types\/page"}],"author":[{"embeddable":true,"href":"https:\/\/insuca.com.co\/index.php?rest_route=\/wp\/v2\/users\/1"}],"replies":[{"embeddable":true,"href":"https:\/\/insuca.com.co\/index.php?rest_route=%2Fwp%2Fv2%2Fcomments&post=25"}],"version-history":[{"count":7,"href":"https:\/\/insuca.com.co\/index.php?rest_route=\/wp\/v2\/pages\/25\/revisions"}],"predecessor-version":[{"id":293,"href":"https:\/\/insuca.com.co\/index.php?rest_route=\/wp\/v2\/pages\/25\/revisions\/293"}],"up":[{"embeddable":true,"href":"https:\/\/insuca.com.co\/index.php?rest_route=\/wp\/v2\/pages\/9"}],"wp:attachment":[{"href":"https:\/\/insuca.com.co\/index.php?rest_route=%2Fwp%2Fv2%2Fmedia&parent=25"}],"curies":[{"name":"wp","href":"https:\/\/api.w.org\/{rel}","templated":true}]}}