{"id":13,"date":"2015-03-11T16:50:09","date_gmt":"2015-03-11T16:50:09","guid":{"rendered":"http:\/\/insuca.co\/?page_id=13"},"modified":"2024-02-02T16:15:57","modified_gmt":"2024-02-02T21:15:57","slug":"contactenos","status":"publish","type":"page","link":"https:\/\/insuca.com.co\/?page_id=13","title":{"rendered":"Cont\u00e1ctenos"},"content":{"rendered":"<p>Deja tu comentario o pregunta, uno de nuestros administrativos se comunicar\u00e1 con Ud. Tambi\u00e9n puedes comunicarte a nuestros tel\u00e9fonos: 6027223762 &#8211; 3167775898 Direcci\u00f3n Calle 18 No. 28-24 Centro -San Juan de Pasto.<\/p>\n<p>MAPA COLEGIO INSUCA PASTO<\/p>\n<p><iframe style=\"border: 0;\" src=\"https:\/\/www.google.com\/maps\/embed?pb=!1m18!1m12!1m3!1d2926.1130117066873!2d-77.27991342250127!3d1.2182164818796004!2m3!1f0!2f0!3f0!3m2!1i1024!2i768!4f13.1!3m3!1m2!1s0x0%3A0x673de57c21c2052f!2sColegio+Insuca!5e0!3m2!1ses-419!2s!4v1455588723831\" width=\"600\" height=\"450\" frameborder=\"0\" allowfullscreen=\"allowfullscreen\"><\/iframe><\/p>\n","protected":false},"excerpt":{"rendered":"<p>Deja tu comentario o pregunta, uno de nuestros administrativos se comunicar\u00e1 con Ud. Tambi\u00e9n puedes comunicarte a nuestro tel\u00e9fono: 7238011. Direcci\u00f3n Calle 18 No. 28-24 Centro -San Juan de Pasto.<\/p>\n","protected":false},"author":1,"featured_media":274,"parent":0,"menu_order":4,"comment_status":"open","ping_status":"closed","template":"","meta":[],"_links":{"self":[{"href":"https:\/\/insuca.com.co\/index.php?rest_route=\/wp\/v2\/pages\/13"}],"collection":[{"href":"https:\/\/insuca.com.co\/index.php?rest_route=\/wp\/v2\/pages"}],"about":[{"href":"https:\/\/insuca.com.co\/index.php?rest_route=\/wp\/v2\/types\/page"}],"author":[{"embeddable":true,"href":"https:\/\/insuca.com.co\/index.php?rest_route=\/wp\/v2\/users\/1"}],"replies":[{"embeddable":true,"href":"https:\/\/insuca.com.co\/index.php?rest_route=%2Fwp%2Fv2%2Fcomments&post=13"}],"version-history":[{"count":10,"href":"https:\/\/insuca.com.co\/index.php?rest_route=\/wp\/v2\/pages\/13\/revisions"}],"predecessor-version":[{"id":1219,"href":"https:\/\/insuca.com.co\/index.php?rest_route=\/wp\/v2\/pages\/13\/revisions\/1219"}],"wp:featuredmedia":[{"embeddable":true,"href":"https:\/\/insuca.com.co\/index.php?rest_route=\/wp\/v2\/media\/274"}],"wp:attachment":[{"href":"https:\/\/insuca.com.co\/index.php?rest_route=%2Fwp%2Fv2%2Fmedia&parent=13"}],"curies":[{"name":"wp","href":"https:\/\/api.w.org\/{rel}","templated":true}]}}