{"id":1265,"date":"2025-01-24T15:36:16","date_gmt":"2025-01-24T20:36:16","guid":{"rendered":"https:\/\/insuca.com.co\/?page_id=1265"},"modified":"2026-01-13T19:29:07","modified_gmt":"2026-01-14T00:29:07","slug":"ipiales","status":"publish","type":"page","link":"https:\/\/insuca.com.co\/?page_id=1265","title":{"rendered":"IPIALES"},"content":{"rendered":"\t\t<div data-elementor-type=\"wp-page\" data-elementor-id=\"1265\" class=\"elementor elementor-1265\" data-elementor-settings=\"[]\">\n\t\t\t\t\t\t<div class=\"elementor-inner\">\n\t\t\t\t\t\t\t<div class=\"elementor-section-wrap\">\n\t\t\t\t\t\t\t<section class=\"elementor-section elementor-top-section elementor-element elementor-element-a632b0f elementor-section-boxed elementor-section-height-default elementor-section-height-default\" data-id=\"a632b0f\" data-element_type=\"section\">\n\t\t\t\t\t\t<div class=\"elementor-container elementor-column-gap-default\">\n\t\t\t\t\t\t\t<div class=\"elementor-row\">\n\t\t\t\t\t<div class=\"elementor-column elementor-col-100 elementor-top-column elementor-element elementor-element-7822dbd\" data-id=\"7822dbd\" data-element_type=\"column\">\n\t\t\t<div class=\"elementor-column-wrap elementor-element-populated\">\n\t\t\t\t\t\t\t<div class=\"elementor-widget-wrap\">\n\t\t\t\t\t\t<div class=\"elementor-element elementor-element-7c60c34 elementor-widget elementor-widget-image\" data-id=\"7c60c34\" data-element_type=\"widget\" data-widget_type=\"image.default\">\n\t\t\t\t<div class=\"elementor-widget-container\">\n\t\t\t\t\t\t\t\t<div class=\"elementor-image\">\n\t\t\t\t\t\t\t\t\t\t\t\t<img width=\"720\" height=\"768\" src=\"https:\/\/insuca.com.co\/wp-content\/uploads\/2026\/01\/web-insuca-ipiales-960x1024.png\" class=\"attachment-large size-large\" alt=\"\" loading=\"lazy\" srcset=\"https:\/\/insuca.com.co\/wp-content\/uploads\/2026\/01\/web-insuca-ipiales-960x1024.png 960w, https:\/\/insuca.com.co\/wp-content\/uploads\/2026\/01\/web-insuca-ipiales-281x300.png 281w, https:\/\/insuca.com.co\/wp-content\/uploads\/2026\/01\/web-insuca-ipiales-768x819.png 768w, https:\/\/insuca.com.co\/wp-content\/uploads\/2026\/01\/web-insuca-ipiales-1440x1536.png 1440w, https:\/\/insuca.com.co\/wp-content\/uploads\/2026\/01\/web-insuca-ipiales-1920x2048.png 1920w, https:\/\/insuca.com.co\/wp-content\/uploads\/2026\/01\/web-insuca-ipiales-600x640.png 600w\" sizes=\"(max-width: 720px) 100vw, 720px\" \/>\t\t\t\t\t\t\t\t\t\t\t\t\t\t<\/div>\n\t\t\t\t\t\t<\/div>\n\t\t\t\t<\/div>\n\t\t\t\t\t\t<\/div>\n\t\t\t\t\t<\/div>\n\t\t<\/div>\n\t\t\t\t\t\t\t\t<\/div>\n\t\t\t\t\t<\/div>\n\t\t<\/section>\n\t\t\t\t<section class=\"elementor-section elementor-top-section elementor-element elementor-element-e9ac5af elementor-section-boxed elementor-section-height-default elementor-section-height-default\" data-id=\"e9ac5af\" data-element_type=\"section\">\n\t\t\t\t\t\t<div class=\"elementor-container elementor-column-gap-default\">\n\t\t\t\t\t\t\t<div class=\"elementor-row\">\n\t\t\t\t\t<div class=\"elementor-column elementor-col-100 elementor-top-column elementor-element elementor-element-594bf54\" data-id=\"594bf54\" data-element_type=\"column\">\n\t\t\t<div class=\"elementor-column-wrap elementor-element-populated\">\n\t\t\t\t\t\t\t<div class=\"elementor-widget-wrap\">\n\t\t\t\t\t\t<div class=\"elementor-element elementor-element-2c9defb elementor-invisible elementor-widget elementor-widget-heading\" data-id=\"2c9defb\" data-element_type=\"widget\" data-settings=\"{&quot;_animation&quot;:&quot;fadeInLeft&quot;}\" data-widget_type=\"heading.default\">\n\t\t\t\t<div class=\"elementor-widget-container\">\n\t\t\t<h2 class=\"elementor-heading-title elementor-size-default\">Formulario de inscripci\u00f3n <\/h2>\t\t<\/div>\n\t\t\t\t<\/div>\n\t\t\t\t<div class=\"elementor-element elementor-element-e6ae88a eael-contact-form-7-button-align-left eael-contact-form-7-button-custom elementor-widget elementor-widget-eael-contact-form-7\" data-id=\"e6ae88a\" data-element_type=\"widget\" data-widget_type=\"eael-contact-form-7.default\">\n\t\t\t\t<div class=\"elementor-widget-container\">\n\t\t\t<div class=\"eael-contact-form-7-wrapper\">\n                <div class=\"eael-contact-form eael-contact-form-7 eael-contact-form-e6ae88a placeholder-show eael-contact-form-align-center\"><div role=\"form\" class=\"wpcf7\" id=\"wpcf7-f633-o1\" lang=\"es-ES\" dir=\"ltr\">\n<div class=\"screen-reader-response\"><p role=\"status\" aria-live=\"polite\" aria-atomic=\"true\"><\/p> <ul><\/ul><\/div>\n<form action=\"\/index.php?rest_route=%2Fwp%2Fv2%2Fpages%2F1265#wpcf7-f633-o1\" method=\"post\" class=\"wpcf7-form init\" novalidate=\"novalidate\" data-status=\"init\">\n<div style=\"display: none;\">\n<input type=\"hidden\" name=\"_wpcf7\" value=\"633\" \/>\n<input type=\"hidden\" name=\"_wpcf7_version\" value=\"5.4.2\" \/>\n<input type=\"hidden\" name=\"_wpcf7_locale\" value=\"es_ES\" \/>\n<input type=\"hidden\" name=\"_wpcf7_unit_tag\" value=\"wpcf7-f633-o1\" \/>\n<input type=\"hidden\" name=\"_wpcf7_container_post\" value=\"0\" \/>\n<input type=\"hidden\" name=\"_wpcf7_posted_data_hash\" value=\"\" \/>\n<\/div>\n<p><label> ESCOGE LA SEDE *<br \/>\n     <span class=\"wpcf7-form-control-wrap SEDE\"><select name=\"SEDE\" class=\"wpcf7-form-control wpcf7-select wpcf7-validates-as-required\" aria-required=\"true\" aria-invalid=\"false\"><option value=\"PASTO\">PASTO<\/option><option value=\"IPIALES\">IPIALES<\/option><\/select><\/span> <\/label><\/p>\n<p><label> PRIMER NOMBRE *<br \/>\n     <span class=\"wpcf7-form-control-wrap PNOMBRE\"><input type=\"text\" name=\"PNOMBRE\" value=\"\" size=\"40\" class=\"wpcf7-form-control wpcf7-text wpcf7-validates-as-required\" aria-required=\"true\" aria-invalid=\"false\" placeholder=\"INGRESA TU PRIMER NOMBRE\" \/><\/span> <\/label><\/p>\n<p><label> SEGUNDO NOMBRE<br \/>\n     <span class=\"wpcf7-form-control-wrap SNOMBRE\"><input type=\"text\" name=\"SNOMBRE\" value=\"\" size=\"40\" class=\"wpcf7-form-control wpcf7-text\" aria-invalid=\"false\" placeholder=\"INGRESA TU SEGUNDO NOMBRE\" \/><\/span> <\/label><\/p>\n<p><label> PRIMER APELLIDO *<br \/>\n    <span class=\"wpcf7-form-control-wrap PAPELLIDO\"><input type=\"text\" name=\"PAPELLIDO\" value=\"\" size=\"40\" class=\"wpcf7-form-control wpcf7-text wpcf7-validates-as-required\" aria-required=\"true\" aria-invalid=\"false\" placeholder=\"INGRESA TU PRIMER APELLIDO\" \/><\/span> <\/label><\/p>\n<p><label> SEGUNDO APELLIDO<br \/>\n    <span class=\"wpcf7-form-control-wrap SAPELLIDO\"><input type=\"text\" name=\"SAPELLIDO\" value=\"\" size=\"40\" class=\"wpcf7-form-control wpcf7-text\" aria-invalid=\"false\" placeholder=\"INGRESA TU SEGUNDO APELLIDO\" \/><\/span> <\/label><\/p>\n<p><label> TIPO DE DOCUMENTO *<br \/>\n    <span class=\"wpcf7-form-control-wrap TIPODOCUMENTO\"><select name=\"TIPODOCUMENTO\" class=\"wpcf7-form-control wpcf7-select wpcf7-validates-as-required\" aria-required=\"true\" aria-invalid=\"false\"><option value=\"Tarjeta de Identidad\">Tarjeta de Identidad<\/option><option value=\"C\u00e9dula de Ciudadan\u00eda\">C\u00e9dula de Ciudadan\u00eda<\/option><option value=\"C\u00e9dula de Extranjer\u00eda\">C\u00e9dula de Extranjer\u00eda<\/option><option value=\"Pasaporte\">Pasaporte<\/option><\/select><\/span> <\/label><\/p>\n<p><label> N\u00daMERO DE DOCUMENTO *<br \/>\n    <span class=\"wpcf7-form-control-wrap NUMERO\"><input type=\"number\" name=\"NUMERO\" value=\"\" class=\"wpcf7-form-control wpcf7-number wpcf7-validates-as-required wpcf7-validates-as-number\" aria-required=\"true\" aria-invalid=\"false\" \/><\/span> <\/label><\/p>\n<p><label> TEL\u00c9FONO *<br \/>\n    <span class=\"wpcf7-form-control-wrap TELEFONO\"><input type=\"tel\" name=\"TELEFONO\" value=\"\" size=\"40\" class=\"wpcf7-form-control wpcf7-text wpcf7-tel wpcf7-validates-as-required wpcf7-validates-as-tel\" aria-required=\"true\" aria-invalid=\"false\" placeholder=\"INGRESA TU N\u00daMERO DE TEL\u00c9FONO\" \/><\/span><\/label><\/p>\n<p><label> CORREO ELECTR\u00d3NICO *<br \/>\n    <span class=\"wpcf7-form-control-wrap EMAIL\"><input type=\"email\" name=\"EMAIL\" value=\"\" size=\"40\" class=\"wpcf7-form-control wpcf7-text wpcf7-email wpcf7-validates-as-required wpcf7-validates-as-email\" aria-required=\"true\" aria-invalid=\"false\" placeholder=\"INGRESA TU E-MAIL\" \/><\/span> <\/label><\/p>\n<p><label> DIRECCI\u00d3N *<br \/>\n     <span class=\"wpcf7-form-control-wrap DIRECCION\"><input type=\"text\" name=\"DIRECCION\" value=\"\" size=\"40\" class=\"wpcf7-form-control wpcf7-text wpcf7-validates-as-required\" aria-required=\"true\" aria-invalid=\"false\" placeholder=\"INGRESA LA DIRECCI\u00d3N DE TU RESIDENCIA\" \/><\/span> <\/label><\/p>\n<p><label> MUNICIPIO *<br \/>\n     <span class=\"wpcf7-form-control-wrap MUNICIPIO\"><input type=\"text\" name=\"MUNICIPIO\" value=\"\" size=\"40\" class=\"wpcf7-form-control wpcf7-text wpcf7-validates-as-required\" aria-required=\"true\" aria-invalid=\"false\" placeholder=\"INGRESA EL MUNICIPIO DE RESIDENCIA\" \/><\/span> <\/label><\/p>\n<p><label> COLEGIO DONDE ESTUDIA O TERMIN\u00d3 SU BACHILLERATO *<br \/>\n     <span class=\"wpcf7-form-control-wrap COLEGIO\"><input type=\"text\" name=\"COLEGIO\" value=\"\" size=\"40\" class=\"wpcf7-form-control wpcf7-text wpcf7-validates-as-required\" aria-required=\"true\" aria-invalid=\"false\" placeholder=\"INGRESA EL NOMBRE DE TU COLEGIO\" \/><\/span> <\/label><\/p>\n<p><label> INFORMACI\u00d3N ADICIONAL<br \/>\n     <span class=\"wpcf7-form-control-wrap INFO\"><textarea name=\"INFO\" cols=\"40\" rows=\"10\" class=\"wpcf7-form-control wpcf7-textarea\" aria-invalid=\"false\" placeholder=\"ESPECIFICA EL CURSO Y HORARIO AL QUE DESEA MATRICULARSE\"><\/textarea><\/span> <\/label><\/p>\n<p><input type=\"submit\" value=\"Enviar\" class=\"wpcf7-form-control wpcf7-submit\" \/><\/p>\n<input type='hidden' class='wpcf7-pum' value='{\"closepopup\":false,\"closedelay\":0,\"openpopup\":false,\"openpopup_id\":0}' \/><div class=\"wpcf7-response-output\" aria-hidden=\"true\"><\/div><\/form><\/div><\/div>\n            <\/div>\t\t<\/div>\n\t\t\t\t<\/div>\n\t\t\t\t\t\t<\/div>\n\t\t\t\t\t<\/div>\n\t\t<\/div>\n\t\t\t\t\t\t\t\t<\/div>\n\t\t\t\t\t<\/div>\n\t\t<\/section>\n\t\t\t\t\t\t<\/div>\n\t\t\t\t\t\t<\/div>\n\t\t\t\t\t<\/div>\n\t\t","protected":false},"excerpt":{"rendered":"<p>Formulario de inscripci\u00f3n ESCOGE LA SEDE * PASTOIPIALEST\u00daQUERRES PRIMER NOMBRE * SEGUNDO NOMBRE PRIMER APELLIDO * SEGUNDO APELLIDO TIPO DE DOCUMENTO * Tarjeta de IdentidadC\u00e9dula de Ciudadan\u00edaC\u00e9dula de Extranjer\u00edaPasaporte N\u00daMERO DE DOCUMENTO * TEL\u00c9FONO * CORREO ELECTR\u00d3NICO * DIRECCI\u00d3N *<\/p>\n","protected":false},"author":1,"featured_media":0,"parent":606,"menu_order":0,"comment_status":"closed","ping_status":"closed","template":"","meta":[],"_links":{"self":[{"href":"https:\/\/insuca.com.co\/index.php?rest_route=\/wp\/v2\/pages\/1265"}],"collection":[{"href":"https:\/\/insuca.com.co\/index.php?rest_route=\/wp\/v2\/pages"}],"about":[{"href":"https:\/\/insuca.com.co\/index.php?rest_route=\/wp\/v2\/types\/page"}],"author":[{"embeddable":true,"href":"https:\/\/insuca.com.co\/index.php?rest_route=\/wp\/v2\/users\/1"}],"replies":[{"embeddable":true,"href":"https:\/\/insuca.com.co\/index.php?rest_route=%2Fwp%2Fv2%2Fcomments&post=1265"}],"version-history":[{"count":35,"href":"https:\/\/insuca.com.co\/index.php?rest_route=\/wp\/v2\/pages\/1265\/revisions"}],"predecessor-version":[{"id":1458,"href":"https:\/\/insuca.com.co\/index.php?rest_route=\/wp\/v2\/pages\/1265\/revisions\/1458"}],"up":[{"embeddable":true,"href":"https:\/\/insuca.com.co\/index.php?rest_route=\/wp\/v2\/pages\/606"}],"wp:attachment":[{"href":"https:\/\/insuca.com.co\/index.php?rest_route=%2Fwp%2Fv2%2Fmedia&parent=1265"}],"curies":[{"name":"wp","href":"https:\/\/api.w.org\/{rel}","templated":true}]}}